{"id":792,"date":"2022-09-18T03:00:00","date_gmt":"2022-09-18T01:00:00","guid":{"rendered":"http:\/\/100tipps.mediacube.at\/?page_id=792"},"modified":"2022-09-18T13:53:55","modified_gmt":"2022-09-18T11:53:55","slug":"bachelorstart-2020","status":"publish","type":"page","link":"https:\/\/100tipps.mediacube.at\/?page_id=792","title":{"rendered":"Bachelor MMA+MMT 2022"},"content":{"rendered":"\n<p>Begr\u00fc\u00dfungstag am 26. September 2022<br>an der FH Salzburg, Urstein S\u00fcd 1, Puch bei Hallein.<\/p>\n\n\n\n<p>Gemeinsam:<\/p>\n\n\n\n<ul class=\"wp-block-list\"><li>8:15 Empfang + Ausgabe Material Foyer<\/li><li>9:00 Begr\u00fc\u00dfung HS 017<\/li><li>10:00 Kennenlernen HS 017<\/li><li>11:00 In der Kleingruppe: Schnitzeljagd \u00fcberall<\/li><li>12:30 Separates Programm MMT und MMA<\/li><\/ul>\n\n\n\n<p>Nur f\u00fcr MMT:<\/p>\n\n\n\n<ul class=\"wp-block-list\"><li>12:30 Vorstellung des Studiengangs HS 110<\/li><li>13:30 MMT Buddyprogramm HS 055<\/li><\/ul>\n\n\n\n<p>Nur f\u00fcr MMA:<\/p>\n\n\n\n<ul class=\"wp-block-list\"><li>12:30 Vorstellung des Studiengangs HS 013<\/li><li>14:15 Kontrolle der Originaldokumente HS 013<\/li><\/ul>\n\n\n\n<p>Gemeinsam:<\/p>\n\n\n\n<ul class=\"wp-block-list\"><li>Montag 16:00 Welcome Event im Urbankeller, Schallmooser Hauptstra\u00dfe 50<\/li><li>Dienstag 10:00 Konzeptentwicklung HS 013<\/li><\/ul>\n\n\n\n<!--more-->\n\n\n\n<p><\/p>\n","protected":false},"excerpt":{"rendered":"<p>Begr\u00fc\u00dfungstag am 26. September 2022an der FH Salzburg, Urstein S\u00fcd 1, Puch bei Hallein. Gemeinsam: 8:15 Empfang + Ausgabe Material Foyer 9:00 Begr\u00fc\u00dfung HS 017 10:00 Kennenlernen HS 017 11:00 In der Kleingruppe: Schnitzeljagd \u00fcberall 12:30 Separates Programm MMT und MMA Nur f\u00fcr MMT: 12:30 Vorstellung des Studiengangs HS 110 13:30 MMT Buddyprogramm HS 055 &hellip; <a href=\"https:\/\/100tipps.mediacube.at\/?page_id=792\" class=\"more-link\"><span class=\"screen-reader-text\">Bachelor MMA+MMT 2022<\/span> weiterlesen<\/a><\/p>\n","protected":false},"author":1,"featured_media":0,"parent":0,"menu_order":0,"comment_status":"closed","ping_status":"closed","template":"","meta":{"footnotes":""},"class_list":["post-792","page","type-page","status-publish","hentry"],"featured_image_src":null,"featured_image_src_square":null,"_links":{"self":[{"href":"https:\/\/100tipps.mediacube.at\/index.php?rest_route=\/wp\/v2\/pages\/792","targetHints":{"allow":["GET"]}}],"collection":[{"href":"https:\/\/100tipps.mediacube.at\/index.php?rest_route=\/wp\/v2\/pages"}],"about":[{"href":"https:\/\/100tipps.mediacube.at\/index.php?rest_route=\/wp\/v2\/types\/page"}],"author":[{"embeddable":true,"href":"https:\/\/100tipps.mediacube.at\/index.php?rest_route=\/wp\/v2\/users\/1"}],"replies":[{"embeddable":true,"href":"https:\/\/100tipps.mediacube.at\/index.php?rest_route=%2Fwp%2Fv2%2Fcomments&post=792"}],"version-history":[{"count":24,"href":"https:\/\/100tipps.mediacube.at\/index.php?rest_route=\/wp\/v2\/pages\/792\/revisions"}],"predecessor-version":[{"id":979,"href":"https:\/\/100tipps.mediacube.at\/index.php?rest_route=\/wp\/v2\/pages\/792\/revisions\/979"}],"wp:attachment":[{"href":"https:\/\/100tipps.mediacube.at\/index.php?rest_route=%2Fwp%2Fv2%2Fmedia&parent=792"}],"curies":[{"name":"wp","href":"https:\/\/api.w.org\/{rel}","templated":true}]}}