{"id":800,"date":"2021-09-26T23:00:17","date_gmt":"2021-09-26T21:00:17","guid":{"rendered":"http:\/\/100tipps.mediacube.at\/?page_id=800"},"modified":"2022-09-18T13:57:06","modified_gmt":"2022-09-18T11:57:06","slug":"uebung-einen-menschen-erfinden","status":"publish","type":"page","link":"https:\/\/100tipps.mediacube.at\/?page_id=800","title":{"rendered":"\u00dcbung &#8222;einen Menschen erfinden&#8220;"},"content":{"rendered":"\n<p><strong>Eine \u00dcbung f\u00fcr 5 Personen die sich noch nicht kennen.<\/strong><\/p>\n\n\n\n<p><em>Bitte vollst\u00e4ndig lesen + verstehen bevor Ihr startet. Bitte die Zeitangaben einhalten. Empfehlung: draussen und mit gen\u00fcgend Abstand, so dass man keine Maske braucht<\/em><\/p>\n\n\n\n<p>Jeder und jede von Euch wird nun reihum im Zentrum der Aufmerksamkeit und der Phantasie stehen. Zu jeder Person haben die anderen gemeinsam 4 Minuten Zeit um zu den 6 Fragen (laut) zu phantasieren; die beschriebene Person kann <strong>nicht<\/strong> sofort antworten oder reagieren.<\/p>\n\n\n\n<ul class=\"wp-block-list\"><li>Welche Talente hat diese Person?<\/li><li>Was wird diese Person in die Teamarbeit im Studium einbringen?<\/li><li>Was kann man von dieser Person lernen?<\/li><li>Wie will diese Person von jetzt an leben?<\/li><li>Wo wird diese Person in 5 Jahren sein? In 10 Jahren?<\/li><li><em>Und abschlie\u00dfend:<\/em> Wie kam ich auf diese Ideen? Auf welchen Beobachtungen beruhen sie?<\/li><\/ul>\n\n\n\n<p>Die betroffene Person kann erst nach Ende der 4 Minuten sprechen und sich selbst vorstellen:<\/p>\n\n\n\n<ul class=\"wp-block-list\"><li>Wo f\u00fchle ich mich erkannt?&nbsp; Wo nicht?<\/li><li>Was war f\u00fcr mich neu? <\/li><li>Was nehme ich mir mit?<\/li><\/ul>\n\n\n\n<p><strong>Ergebnis der \u00dcbung<\/strong>:<strong> Vorbereitung der Vorstellung<\/strong><\/p>\n\n\n\n<p>Wenn alle 5 Personen diese je ca. 5 Minuten bekommen haben, dann einigt Euch auf eine kurze <strong>gemeinsame Vorstellung<\/strong>:<\/p>\n\n\n\n<p>Eine Person spricht f\u00fcr Euch 5, diese*r Sprecher*in ist sp\u00e4ter im H\u00f6rsaal in der ersten Reihe. (Die anderen d\u00fcrfen &#8222;hinten&#8220; sitzen und m\u00fcssen blo\u00df aufstehen und winken)<\/p>\n\n\n\n<p>Bitte stellt jede Person vor: voller Name, wie sie angesprochen werden will, sowie ein Thema \u00fcber das man mit ihr immer reden kann und eventuell was ihre  Superheld*innenf\u00e4higkeit ist.  Kurz und knackig, f\u00fcr jede Gruppe haben wir nur 1 Minute.<\/p>\n","protected":false},"excerpt":{"rendered":"<p>Eine \u00dcbung f\u00fcr 5 Personen die sich noch nicht kennen. Bitte vollst\u00e4ndig lesen + verstehen bevor Ihr startet. Bitte die Zeitangaben einhalten. Empfehlung: draussen und mit gen\u00fcgend Abstand, so dass man keine Maske braucht Jeder und jede von Euch wird nun reihum im Zentrum der Aufmerksamkeit und der Phantasie stehen. Zu jeder Person haben die &hellip; <a href=\"https:\/\/100tipps.mediacube.at\/?page_id=800\" class=\"more-link\"><span class=\"screen-reader-text\">\u00dcbung &#8222;einen Menschen erfinden&#8220;<\/span> weiterlesen<\/a><\/p>\n","protected":false},"author":1,"featured_media":0,"parent":0,"menu_order":0,"comment_status":"closed","ping_status":"closed","template":"","meta":{"footnotes":""},"class_list":["post-800","page","type-page","status-publish","hentry"],"featured_image_src":null,"featured_image_src_square":null,"_links":{"self":[{"href":"https:\/\/100tipps.mediacube.at\/index.php?rest_route=\/wp\/v2\/pages\/800","targetHints":{"allow":["GET"]}}],"collection":[{"href":"https:\/\/100tipps.mediacube.at\/index.php?rest_route=\/wp\/v2\/pages"}],"about":[{"href":"https:\/\/100tipps.mediacube.at\/index.php?rest_route=\/wp\/v2\/types\/page"}],"author":[{"embeddable":true,"href":"https:\/\/100tipps.mediacube.at\/index.php?rest_route=\/wp\/v2\/users\/1"}],"replies":[{"embeddable":true,"href":"https:\/\/100tipps.mediacube.at\/index.php?rest_route=%2Fwp%2Fv2%2Fcomments&post=800"}],"version-history":[{"count":8,"href":"https:\/\/100tipps.mediacube.at\/index.php?rest_route=\/wp\/v2\/pages\/800\/revisions"}],"predecessor-version":[{"id":983,"href":"https:\/\/100tipps.mediacube.at\/index.php?rest_route=\/wp\/v2\/pages\/800\/revisions\/983"}],"wp:attachment":[{"href":"https:\/\/100tipps.mediacube.at\/index.php?rest_route=%2Fwp%2Fv2%2Fmedia&parent=800"}],"curies":[{"name":"wp","href":"https:\/\/api.w.org\/{rel}","templated":true}]}}