{"id":980,"date":"2022-09-18T13:54:19","date_gmt":"2022-09-18T11:54:19","guid":{"rendered":"https:\/\/100tipps.mediacube.at\/?page_id=980"},"modified":"2022-09-18T13:54:19","modified_gmt":"2022-09-18T11:54:19","slug":"masterstart-2020-copy","status":"publish","type":"page","link":"https:\/\/100tipps.mediacube.at\/?page_id=980","title":{"rendered":"MasterStart 2021 Kopieren"},"content":{"rendered":"\n<p>Der Begr\u00fc\u00dfungstag am 4.Oktober 2021 f\u00fcr die Studierenden von MultiMediaArt und MultiMediaTechnology.<\/p>\n\n\n\n<p>Zeitplan:<\/p>\n\n\n\n<ul class=\"wp-block-list\"><li>AudiMax<ul><li>ab 8:15 &#8211; Ankommen, FH-Tasche erhalten<\/li><li>9:00 &#8211; Begr\u00fc\u00dfung durch die beiden Studiengangsleiter<\/li><li>9:30 &#8211; Vorstellung der Masterprojekte<\/li><li>10:00 &#8211; Kennenlern-Phase<\/li><li>11:15 bis 12:15 &#8211; Vorstellungsrunde<\/li><\/ul><\/li><li>MMA: HS 110 von 12:30 bis ca. 14:00<ul><li>Vorstellung des Studiengang-Teams, allgemeine Infos<\/li><\/ul><\/li><li>MMT: HS 017 von 12:30 bis ca 14:00<ul><li>Vorstellung des Studiengang-Teams, allgemeine Infos<\/li><\/ul><\/li><li>MMA: A\/V Verleich im Keller<ul><li>Einf\u00fchrung in zwei Gruppen A (15:15) und B (16:00)<\/li><\/ul><\/li><li>Online<ul><li>17:00 Erster Impuls-Workshop + Viewing Party (Online \/ Offline?)<\/li><\/ul><\/li><\/ul>\n\n\n\n<!--more-->\n\n\n\n<h2 class=\"wp-block-heading\">In der Kleingruppe<\/h2>\n\n\n\n<p>Wir haben ein paar Aufgabenstellungen f\u00fcr Euch, eine kleine Schnitzeljagd. Aber im Endeffekt ist es Eure Zeit, nutzt Sie auf Eure Art!  Mittagessen nicht vergessen!<\/p>\n\n\n\n<p><\/p>\n\n\n\n<div class=\"wp-block-genesis-blocks-gb-accordion gb-block-accordion\"><details><summary class=\"gb-accordion-title\">Intensiv Kennenlernen &#8211; &#8222;einen Menschen erfinden&#8220;<\/summary><div class=\"gb-accordion-text\">\n<p>Ihr braucht einen ruhigen Ort und eine halbe Stunden Zeit f\u00fcr <a href=\"https:\/\/100tipps.mediacube.at\/?page_id=800\" data-type=\"page\" data-id=\"800\">diese \u00dcbung<\/a>. Das Endergebnis soll sein, dass eine\/r von Euch in der Vorstellungsrunde alle anderen vorstellen kann.<\/p>\n<\/div><\/details><\/div>\n\n\n\n<div class=\"wp-block-genesis-blocks-gb-accordion gb-block-accordion\"><details><summary class=\"gb-accordion-title\">Du bist der Helpdesk!<\/summary><div class=\"gb-accordion-text\">\n<p>Du hast hier schon im Bachelor studiert?  Dann hilf den &#8222;Neuen&#8220; FH-fit zu werden! Egal ob Orientierung im Haus, Einrichtung des Laptops, Lesen des Stundenplans&#8230;.  als Gruppe kriegt ihr das alles hin!<\/p>\n<\/div><\/details><\/div>\n\n\n\n<div class=\"wp-block-genesis-blocks-gb-accordion gb-block-accordion\"><details><summary class=\"gb-accordion-title\">Wie macht ihr die Impulsvortr\u00e4ge<\/summary><div class=\"gb-accordion-text\">\n<p>Heute und in den n\u00e4chsten 2 Tagen sollt ihr gemeinsam Vortr\u00e4ge ansehen und jeweils eine gemeinsame Reaktion dazu schreiben. Wie macht ihr das? <br><br><\/p>\n\n\n\n<p><\/p>\n\n\n\n<p><\/p>\n<\/div><\/details><\/div>\n\n\n\n<div class=\"wp-block-genesis-blocks-gb-accordion gb-block-accordion\"><details><summary class=\"gb-accordion-title\">Wie wollt ihr als M2021 Euch kennenlernen? Treffen? Kommunizieren?<\/summary><div class=\"gb-accordion-text\">\n<p>\u00dcberlegt als Gruppe ob \/ wie ihr die anderen kennen lernen wollt. Wie ginge das am besten? Wann? Sollen sich alle treffen?  Wollt ihr was in kleineren Gruppen machen, z.b. nur ein Fachbereich?  <\/p>\n\n\n\n<p>Heckt Pl\u00e4ne aus, die ihr bei der Vorstellungsrunde vorschlagen k\u00f6nnt!<\/p>\n\n\n\n<p><\/p>\n<\/div><\/details><\/div>\n\n\n\n<div class=\"wp-block-genesis-blocks-gb-accordion gb-block-accordion\"><details><summary class=\"gb-accordion-title\">Ein Spielchen am Handy gemeinsam spielen<\/summary><div class=\"gb-accordion-text\">\n<p>Ihr braucht daf\u00fcr: je ein Smartphone und Abstand zu anderen Menschein, weil ihr rumschreien m\u00fcsst: Jede*r Installiert Spaceteam (<a href=\"https:\/\/play.google.com\/store\/apps\/details?id=com.sleepingbeastgames.spaceteam&amp;hl=de_AT\">Android<\/a>, <a href=\"https:\/\/apps.apple.com\/de\/app\/spaceteam\/id570510529\">iOS<\/a>) am eigenen Handy, und schon k\u00f6nnt ihr beweisen, dass ihr die beste Crew seit Galaxy Quest seid: <em>Ihr steuert ein Raumschiff gemeinsam. Aber: wenn mein Handy anzeigt, dass ich den Fluxkompensator aktivieren soll, dann habe ich wahrscheinlich gar nicht den richtigen Hebel daf\u00fcr. Deswegen muss ich das den anderen zurufen, und hoffen dass jemand das erledigen kann.<\/em>&#8230;<\/p>\n\n\n\n<figure class=\"wp-block-embed is-type-video is-provider-youtube wp-block-embed-youtube wp-embed-aspect-16-9 wp-has-aspect-ratio\"><div class=\"wp-block-embed__wrapper\">\n<iframe loading=\"lazy\" title=\"Spaceteam 6 players gameplay tabletop view w\/extra yelling\" width=\"660\" height=\"371\" src=\"https:\/\/www.youtube.com\/embed\/mO4Nqc5Emxo?feature=oembed\" frameborder=\"0\" allow=\"accelerometer; autoplay; clipboard-write; encrypted-media; gyroscope; picture-in-picture; web-share\" referrerpolicy=\"strict-origin-when-cross-origin\" allowfullscreen><\/iframe>\n<\/div><\/figure>\n<\/div><\/details><\/div>\n\n\n\n<div class=\"wp-block-genesis-blocks-gb-accordion gb-block-accordion\"><details><summary class=\"gb-accordion-title\">Um 11:30 im Audi Max sitzen und f\u00fcr die Vorstellungsrunde bereit sein!<\/summary><div class=\"gb-accordion-text\">\n<p><\/p>\n<\/div><\/details><\/div>\n\n\n\n<p><\/p>\n","protected":false},"excerpt":{"rendered":"<p>Der Begr\u00fc\u00dfungstag am 4.Oktober 2021 f\u00fcr die Studierenden von MultiMediaArt und MultiMediaTechnology. Zeitplan: AudiMax ab 8:15 &#8211; Ankommen, FH-Tasche erhalten 9:00 &#8211; Begr\u00fc\u00dfung durch die beiden Studiengangsleiter 9:30 &#8211; Vorstellung der Masterprojekte 10:00 &#8211; Kennenlern-Phase 11:15 bis 12:15 &#8211; Vorstellungsrunde MMA: HS 110 von 12:30 bis ca. 14:00 Vorstellung des Studiengang-Teams, allgemeine Infos MMT: HS &hellip; <a href=\"https:\/\/100tipps.mediacube.at\/?page_id=980\" class=\"more-link\"><span class=\"screen-reader-text\">MasterStart 2021 Kopieren<\/span> weiterlesen<\/a><\/p>\n","protected":false},"author":1,"featured_media":0,"parent":0,"menu_order":0,"comment_status":"closed","ping_status":"closed","template":"","meta":{"footnotes":""},"class_list":["post-980","page","type-page","status-publish","hentry"],"featured_image_src":null,"featured_image_src_square":null,"_links":{"self":[{"href":"https:\/\/100tipps.mediacube.at\/index.php?rest_route=\/wp\/v2\/pages\/980","targetHints":{"allow":["GET"]}}],"collection":[{"href":"https:\/\/100tipps.mediacube.at\/index.php?rest_route=\/wp\/v2\/pages"}],"about":[{"href":"https:\/\/100tipps.mediacube.at\/index.php?rest_route=\/wp\/v2\/types\/page"}],"author":[{"embeddable":true,"href":"https:\/\/100tipps.mediacube.at\/index.php?rest_route=\/wp\/v2\/users\/1"}],"replies":[{"embeddable":true,"href":"https:\/\/100tipps.mediacube.at\/index.php?rest_route=%2Fwp%2Fv2%2Fcomments&post=980"}],"version-history":[{"count":0,"href":"https:\/\/100tipps.mediacube.at\/index.php?rest_route=\/wp\/v2\/pages\/980\/revisions"}],"wp:attachment":[{"href":"https:\/\/100tipps.mediacube.at\/index.php?rest_route=%2Fwp%2Fv2%2Fmedia&parent=980"}],"curies":[{"name":"wp","href":"https:\/\/api.w.org\/{rel}","templated":true}]}}